{"id":98,"date":"2020-12-02T07:18:47","date_gmt":"2020-12-02T11:18:47","guid":{"rendered":"http:\/\/ihch.cl\/?page_id=98"},"modified":"2021-03-09T07:16:07","modified_gmt":"2021-03-09T11:16:07","slug":"sep","status":"publish","type":"page","link":"https:\/\/ihch.cl\/index.php\/sep\/","title":{"rendered":"SEP"},"content":{"rendered":"\n<p>La Subvenci\u00f3n Escolar Preferencial (SEP) es una ley que entrega recursos del Estado para mejorar la equidad y calidad educativa de los establecimientos educacionales subvencionados de nuestro pa\u00eds. Esta subvenci\u00f3n adicional se le entrega al sostenedor, por los alumnos prioritarios que est\u00e9n cursando desde pre k\u00ednder hasta cuarto a\u00f1o medio. Para percibir estos recursos, el sostenedor firma un Convenio de Igualdad de Oportunidades y Excelencia Educativa, mediante el cual adquiere el compromiso de destinar esta subvenci\u00f3n a la implementaci\u00f3n de un Plan de Mejoramiento Educativo.<\/p>\n\n\n\n<p>El objetivo de la SEP es mejorar la calidad y equidad de la educaci\u00f3n en los establecimientos educacionales que atienden alumnos cuyas condiciones socioecon\u00f3micas pueden afectar su rendimiento escolar, para avanzar hacia una educaci\u00f3n con mejores oportunidades para todos.<\/p>\n\n\n\n<p><\/p>\n\n\n\n<h3 class=\"wp-block-heading\">CONVENIO DE IGUALDAD DE OPORTUNIDADES 2019 OPT.<\/h3>\n\n\n\n<div class=\"wp-block-file\"><a href=\"http:\/\/ihch.cl\/wp-content\/uploads\/2020\/12\/Convenio-de-Igualdad-de-Oportunidades-2019_opt-1.pdf\">Convenio-de-Igualdad-de-Oportunidades-2019_opt-1<\/a><a href=\"http:\/\/ihch.cl\/wp-content\/uploads\/2020\/12\/Convenio-de-Igualdad-de-Oportunidades-2019_opt-1.pdf\" class=\"wp-block-file__button\" download>Descargar<\/a><\/div>\n\n\n\n<h3 class=\"wp-block-heading\">VISUALIZAR<\/h3>\n\n\n\n<p>[3d-flip-book mode=\u00bbthumbnail-lightbox\u00bb id=\u00bb256&#8243; title=\u00bbtrue\u00bb][\/3d-flip-book]<\/p>\n\n\n\n<p><\/p>\n\n\n\n<h3 class=\"wp-block-heading\">EXENTA CONVENIO DE IGUALDAD DE OPORTUNIDADES 2019 OPT.<\/h3>\n\n\n\n<div class=\"wp-block-file\"><a href=\"http:\/\/ihch.cl\/wp-content\/uploads\/2020\/12\/Res.-Exenta-Convenio-Igualdad-de-Oportunidades-2019_opt.pdf\">Res.-Exenta-Convenio-Igualdad-de-Oportunidades-2019_opt<\/a><a href=\"http:\/\/ihch.cl\/wp-content\/uploads\/2020\/12\/Res.-Exenta-Convenio-Igualdad-de-Oportunidades-2019_opt.pdf\" class=\"wp-block-file__button\" download>Descargar<\/a><\/div>\n\n\n\n<h3 class=\"wp-block-heading\">VISUALIZAR<\/h3>\n\n\n\n<p>[3d-flip-book mode=\u00bbthumbnail-lightbox\u00bb id=\u00bb263&#8243; title=\u00bbtrue\u00bb][\/3d-flip-book]<\/p>\n","protected":false},"excerpt":{"rendered":"<p>La Subvenci\u00f3n Escolar Preferencial (SEP) es una ley que entrega recursos del Estado para mejorar la equidad y calidad educativa de los establecimientos educacionales subvencionados de nuestro pa\u00eds. Esta subvenci\u00f3n adicional se le entrega al sostenedor, por los alumnos prioritarios que est\u00e9n cursando desde pre k\u00ednder hasta cuarto a\u00f1o medio. Para percibir estos recursos, el [&hellip;]<\/p>\n","protected":false},"author":2,"featured_media":0,"parent":0,"menu_order":0,"comment_status":"closed","ping_status":"closed","template":"","meta":{"_et_pb_use_builder":"off","_et_pb_old_content":"","_et_gb_content_width":"","footnotes":""},"class_list":["post-98","page","type-page","status-publish","hentry"],"_links":{"self":[{"href":"https:\/\/ihch.cl\/index.php\/wp-json\/wp\/v2\/pages\/98","targetHints":{"allow":["GET"]}}],"collection":[{"href":"https:\/\/ihch.cl\/index.php\/wp-json\/wp\/v2\/pages"}],"about":[{"href":"https:\/\/ihch.cl\/index.php\/wp-json\/wp\/v2\/types\/page"}],"author":[{"embeddable":true,"href":"https:\/\/ihch.cl\/index.php\/wp-json\/wp\/v2\/users\/2"}],"replies":[{"embeddable":true,"href":"https:\/\/ihch.cl\/index.php\/wp-json\/wp\/v2\/comments?post=98"}],"version-history":[{"count":4,"href":"https:\/\/ihch.cl\/index.php\/wp-json\/wp\/v2\/pages\/98\/revisions"}],"predecessor-version":[{"id":265,"href":"https:\/\/ihch.cl\/index.php\/wp-json\/wp\/v2\/pages\/98\/revisions\/265"}],"wp:attachment":[{"href":"https:\/\/ihch.cl\/index.php\/wp-json\/wp\/v2\/media?parent=98"}],"curies":[{"name":"wp","href":"https:\/\/api.w.org\/{rel}","templated":true}]}}