{"id":88,"date":"2020-12-02T07:17:38","date_gmt":"2020-12-02T11:17:38","guid":{"rendered":"http:\/\/ihch.cl\/?page_id=88"},"modified":"2023-05-12T09:09:18","modified_gmt":"2023-05-12T13:09:18","slug":"enfermeria","status":"publish","type":"page","link":"https:\/\/ihch.cl\/index.php\/enfermeria\/","title":{"rendered":"Enfermer\u00eda"},"content":{"rendered":"<p>[et_pb_section fb_built=\u00bb1&#8243; admin_label=\u00bbsection\u00bb _builder_version=\u00bb4.16&#8243; background_color=\u00bb#0c71c3&#8243; global_colors_info=\u00bb{}\u00bb][et_pb_row _builder_version=\u00bb4.16&#8243; _module_preset=\u00bbdefault\u00bb global_colors_info=\u00bb{}\u00bb][et_pb_column type=\u00bb4_4&#8243; _builder_version=\u00bb4.16&#8243; _module_preset=\u00bbdefault\u00bb global_colors_info=\u00bb{}\u00bb][et_pb_text _builder_version=\u00bb4.16&#8243; _module_preset=\u00bbdefault\u00bb header_font=\u00bb|700|||||||\u00bb header_text_align=\u00bbcenter\u00bb header_text_color=\u00bb#ffffff\u00bb header_font_size=\u00bb60px\u00bb global_colors_info=\u00bb{}\u00bb]<\/p>\n<h1>ENFERMER\u00cdA<\/h1>\n<p>[\/et_pb_text][\/et_pb_column][\/et_pb_row][\/et_pb_section][et_pb_section fb_built=\u00bb1&#8243; admin_label=\u00bbsection\u00bb _builder_version=\u00bb4.16&#8243; global_colors_info=\u00bb{}\u00bb][et_pb_row _builder_version=\u00bb4.16&#8243; _module_preset=\u00bbdefault\u00bb global_colors_info=\u00bb{}\u00bb][et_pb_column type=\u00bb4_4&#8243; _builder_version=\u00bb4.16&#8243; _module_preset=\u00bbdefault\u00bb global_colors_info=\u00bb{}\u00bb][et_pb_text _builder_version=\u00bb4.21.0&#8243; _module_preset=\u00bbdefault\u00bb hover_enabled=\u00bb0&#8243; global_colors_info=\u00bb{}\u00bb sticky_enabled=\u00bb0&#8243;]<\/p>\n<p><b><i>Sala de Enfermer\u00eda<\/i><\/b><\/p>\n<p><b><i>\u00a0I.-\u00a0 OBJETIVO: <\/i><\/b><i><span style=\"font-weight: 400;\">La Sala de Enfermer\u00eda de nuestro colegio tiene como objetivo velar por la atenci\u00f3n r\u00e1pida y oportuna a los estudiantes y dem\u00e1s integrantes de la comunidad educativa, en situaciones vinculadas a su condici\u00f3n de salud.<\/span><\/i><\/p>\n<p><b><i>II- RESPONSABLE: <\/i><\/b><i><span style=\"font-weight: 400;\">Nuestro colegio tiene dos salas de enfermer\u00eda, ubicadas en:<\/span><\/i><\/p>\n<ul>\n<li style=\"font-weight: 400;\" aria-level=\"1\"><i><span style=\"font-weight: 400;\">Edificio de Educaci\u00f3n Parvularia: a cargo de Nadia Astete C\u00e1ceres (TENS)<\/span><\/i><\/li>\n<ul>\n<li style=\"font-weight: 400;\" aria-level=\"2\"><i><span style=\"font-weight: 400;\">nastete@ihch.<\/span><\/i><\/li>\n<\/ul>\n<\/ul>\n<p>&nbsp;<\/p>\n<ul>\n<li style=\"font-weight: 400;\" aria-level=\"1\"><i><span style=\"font-weight: 400;\">Edificio de Administraci\u00f3n: a cargo de Mar\u00eda Cristina Reyes (TENS)<\/span><\/i><i><span style=\"font-weight: 400;\">\u00a0<\/span><\/i><\/li>\n<\/ul>\n<ul>\n<li style=\"list-style-type: none;\">\n<ul>\n<li style=\"font-weight: 400;\" aria-level=\"1\"><i><span style=\"font-weight: 400;\">mreyes.pr@ihch.cl<\/span><\/i><\/li>\n<\/ul>\n<\/li>\n<\/ul>\n<p>[\/et_pb_text][\/et_pb_column][\/et_pb_row][\/et_pb_section]<\/p>\n","protected":false},"excerpt":{"rendered":"<p>ENFERMER\u00cdASala de Enfermer\u00eda \u00a0I.-\u00a0 OBJETIVO: La Sala de Enfermer\u00eda de nuestro colegio tiene como objetivo velar por la atenci\u00f3n r\u00e1pida y oportuna a los estudiantes y dem\u00e1s integrantes de la comunidad educativa, en situaciones vinculadas a su condici\u00f3n de salud. II- RESPONSABLE: Nuestro colegio tiene dos salas de enfermer\u00eda, ubicadas en: Edificio de Educaci\u00f3n Parvularia: [&hellip;]<\/p>\n","protected":false},"author":2,"featured_media":0,"parent":0,"menu_order":0,"comment_status":"closed","ping_status":"closed","template":"","meta":{"_et_pb_use_builder":"on","_et_pb_old_content":"<!-- wp:paragraph -->\n<p>La Sala de Enfermer\u00eda en el Instituto de Humanidades Jos\u00e9 Manuel Santos de Chiguayante tiene como objetivo velar por el bienestar f\u00edsico de los alumnos y de la comunidad, a trav\u00e9s de la atenci\u00f3n r\u00e1pida y oportuna de acciones asistenciales y educativas, que contribuyen a mantener un clima escolar en \u00f3ptimas condiciones de salud, todo esto a cargo de la <strong>Srta. Elizabeth Novoa D\u00edaz<\/strong>, T\u00e9cnico Enfermer\u00eda Nivel Su<\/p>\n<!-- \/wp:paragraph -->","_et_gb_content_width":"","footnotes":""},"class_list":["post-88","page","type-page","status-publish","hentry"],"_links":{"self":[{"href":"https:\/\/ihch.cl\/index.php\/wp-json\/wp\/v2\/pages\/88","targetHints":{"allow":["GET"]}}],"collection":[{"href":"https:\/\/ihch.cl\/index.php\/wp-json\/wp\/v2\/pages"}],"about":[{"href":"https:\/\/ihch.cl\/index.php\/wp-json\/wp\/v2\/types\/page"}],"author":[{"embeddable":true,"href":"https:\/\/ihch.cl\/index.php\/wp-json\/wp\/v2\/users\/2"}],"replies":[{"embeddable":true,"href":"https:\/\/ihch.cl\/index.php\/wp-json\/wp\/v2\/comments?post=88"}],"version-history":[{"count":7,"href":"https:\/\/ihch.cl\/index.php\/wp-json\/wp\/v2\/pages\/88\/revisions"}],"predecessor-version":[{"id":4149,"href":"https:\/\/ihch.cl\/index.php\/wp-json\/wp\/v2\/pages\/88\/revisions\/4149"}],"wp:attachment":[{"href":"https:\/\/ihch.cl\/index.php\/wp-json\/wp\/v2\/media?parent=88"}],"curies":[{"name":"wp","href":"https:\/\/api.w.org\/{rel}","templated":true}]}}