{"id":64,"date":"2020-12-02T07:06:49","date_gmt":"2020-12-02T11:06:49","guid":{"rendered":"http:\/\/ihch.cl\/?page_id=64"},"modified":"2025-03-18T10:11:57","modified_gmt":"2025-03-18T14:11:57","slug":"ciclo-basico","status":"publish","type":"page","link":"https:\/\/ihch.cl\/index.php\/ciclo-basico\/","title":{"rendered":"Ciclo B\u00e1sico"},"content":{"rendered":"<p>[et_pb_section fb_built=\u00bb1&#8243; admin_label=\u00bbsection\u00bb _builder_version=\u00bb4.16&#8243; background_color=\u00bb#0c71c3&#8243; global_colors_info=\u00bb{}\u00bb][et_pb_row _builder_version=\u00bb4.16&#8243; _module_preset=\u00bbdefault\u00bb global_colors_info=\u00bb{}\u00bb][et_pb_column type=\u00bb4_4&#8243; _builder_version=\u00bb4.16&#8243; _module_preset=\u00bbdefault\u00bb global_colors_info=\u00bb{}\u00bb][et_pb_text _builder_version=\u00bb4.16&#8243; _module_preset=\u00bbdefault\u00bb header_font=\u00bb|700|||||||\u00bb header_text_align=\u00bbcenter\u00bb header_text_color=\u00bb#ffffff\u00bb header_font_size=\u00bb60px\u00bb global_colors_info=\u00bb{}\u00bb]<\/p>\n<h1>CICLO B\u00c1SICO<\/h1>\n<p>[\/et_pb_text][\/et_pb_column][\/et_pb_row][\/et_pb_section][et_pb_section fb_built=\u00bb1&#8243; admin_label=\u00bbsection\u00bb _builder_version=\u00bb4.16&#8243; global_colors_info=\u00bb{}\u00bb][et_pb_row _builder_version=\u00bb4.16&#8243; _module_preset=\u00bbdefault\u00bb global_colors_info=\u00bb{}\u00bb custom_margin=\u00bb|385px||auto||\u00bb][et_pb_column type=\u00bb4_4&#8243; _builder_version=\u00bb4.16&#8243; _module_preset=\u00bbdefault\u00bb global_colors_info=\u00bb{}\u00bb][et_pb_text _builder_version=\u00bb4.21.0&#8243; _module_preset=\u00bbdefault\u00bb global_colors_info=\u00bb{}\u00bb custom_padding=\u00bb|0px|0px|||\u00bb]<\/p>\n<p><b><i>DIRECCI\u00d3N DE CICLO B\u00c1SICO<\/i><\/b><\/p>\n<p><b><i>I.-\u00a0 OBJETIVO: <\/i><\/b><i><span style=\"font-weight: 400;\">Responsable de la direcci\u00f3n, administraci\u00f3n, supervisi\u00f3n, coordinaci\u00f3n y evaluaci\u00f3n del \u00e1mbito curricular, pastoral y de Convivencia Escolar del ciclo a su cargo, de acuerdo a los lineamientos de la Direcci\u00f3n y del PEI.<\/span><\/i><\/p>\n<p><b style=\"font-size: 14px;\"><i>II.-\u00a0 FUNCIONES:\u00a0 \u00a0<\/i><\/b><\/p>\n<ul>\n<li style=\"font-weight: 400;\" aria-level=\"1\"><i><span style=\"font-weight: 400;\">Asegurar la existencia de informaci\u00f3n \u00fatil para la toma oportuna de decisiones.<\/span><\/i><\/li>\n<li style=\"font-weight: 400;\" aria-level=\"1\"><i><span style=\"font-weight: 400;\">Planificar y coordinar las actividades de su \u00e1rea.<\/span><\/i><\/li>\n<li style=\"font-weight: 400;\" aria-level=\"1\"><i><span style=\"font-weight: 400;\">Coordinar y supervisar el trabajo acad\u00e9mico y administrativo de los docentes.<\/span><\/i><\/li>\n<li style=\"font-weight: 400;\" aria-level=\"1\"><i><span style=\"font-weight: 400;\">Asegurar la calidad de las estrategias did\u00e1cticas en el aula.<\/span><\/i><\/li>\n<li style=\"font-weight: 400;\" aria-level=\"1\"><i><span style=\"font-weight: 400;\">Dirigir el proceso de acompa\u00f1amiento al docente.<\/span><\/i><\/li>\n<li style=\"font-weight: 400;\" aria-level=\"1\"><i><span style=\"font-weight: 400;\">Organizar el Curr\u00edculo en relaci\u00f3n con los Objetivos del PEI.<\/span><\/i><\/li>\n<li style=\"font-weight: 400;\" aria-level=\"1\"><i><span style=\"font-weight: 400;\">Difundir el PEI y la Planificaci\u00f3n Estrat\u00e9gica del establecimiento.<\/span><\/i><\/li>\n<\/ul>\n<p><b><i>\u00a0<\/i><\/b><b><i><\/i><\/b><\/p>\n<p>[\/et_pb_text][\/et_pb_column][\/et_pb_row][\/et_pb_section]<\/p>\n","protected":false},"excerpt":{"rendered":"<p>CICLO B\u00c1SICODIRECCI\u00d3N DE CICLO B\u00c1SICO I.-\u00a0 OBJETIVO: Responsable de la direcci\u00f3n, administraci\u00f3n, supervisi\u00f3n, coordinaci\u00f3n y evaluaci\u00f3n del \u00e1mbito curricular, pastoral y de Convivencia Escolar del ciclo a su cargo, de acuerdo a los lineamientos de la Direcci\u00f3n y del PEI. II.-\u00a0 FUNCIONES:\u00a0 \u00a0 Asegurar la existencia de informaci\u00f3n \u00fatil para la toma oportuna de decisiones. [&hellip;]<\/p>\n","protected":false},"author":2,"featured_media":0,"parent":0,"menu_order":0,"comment_status":"closed","ping_status":"closed","template":"","meta":{"_et_pb_use_builder":"on","_et_pb_old_content":"<!-- wp:divi\/placeholder \/-->","_et_gb_content_width":"","footnotes":""},"class_list":["post-64","page","type-page","status-publish","hentry"],"_links":{"self":[{"href":"https:\/\/ihch.cl\/index.php\/wp-json\/wp\/v2\/pages\/64","targetHints":{"allow":["GET"]}}],"collection":[{"href":"https:\/\/ihch.cl\/index.php\/wp-json\/wp\/v2\/pages"}],"about":[{"href":"https:\/\/ihch.cl\/index.php\/wp-json\/wp\/v2\/types\/page"}],"author":[{"embeddable":true,"href":"https:\/\/ihch.cl\/index.php\/wp-json\/wp\/v2\/users\/2"}],"replies":[{"embeddable":true,"href":"https:\/\/ihch.cl\/index.php\/wp-json\/wp\/v2\/comments?post=64"}],"version-history":[{"count":6,"href":"https:\/\/ihch.cl\/index.php\/wp-json\/wp\/v2\/pages\/64\/revisions"}],"predecessor-version":[{"id":5647,"href":"https:\/\/ihch.cl\/index.php\/wp-json\/wp\/v2\/pages\/64\/revisions\/5647"}],"wp:attachment":[{"href":"https:\/\/ihch.cl\/index.php\/wp-json\/wp\/v2\/media?parent=64"}],"curies":[{"name":"wp","href":"https:\/\/api.w.org\/{rel}","templated":true}]}}