{"id":633,"date":"2021-02-26T14:22:25","date_gmt":"2021-02-26T18:22:25","guid":{"rendered":"http:\/\/ihch.cl\/?page_id=633"},"modified":"2021-11-18T13:03:04","modified_gmt":"2021-11-18T17:03:04","slug":"protocolos-covid","status":"publish","type":"page","link":"https:\/\/ihch.cl\/index.php\/protocolos-covid\/","title":{"rendered":"Protocolos Covid"},"content":{"rendered":"<p>[et_pb_section fb_built=\u00bb1&#8243; _builder_version=\u00bb4.7.4&#8243; _module_preset=\u00bbdefault\u00bb background_color=\u00bb#0c71c3&#8243; background_image=\u00bbhttp:\/\/ihch.cl\/wp-content\/uploads\/2021\/02\/bg_corona.png\u00bb global_colors_info=\u00bb{}\u00bb][et_pb_row _builder_version=\u00bb4.7.4&#8243; _module_preset=\u00bbdefault\u00bb global_colors_info=\u00bb{}\u00bb][et_pb_column type=\u00bb4_4&#8243; _builder_version=\u00bb4.7.4&#8243; _module_preset=\u00bbdefault\u00bb global_colors_info=\u00bb{}\u00bb][et_pb_text _builder_version=\u00bb4.7.4&#8243; _module_preset=\u00bbdefault\u00bb header_font=\u00bb|700|||||||\u00bb header_text_align=\u00bbcenter\u00bb header_text_color=\u00bb#ffffff\u00bb header_font_size=\u00bb45px\u00bb global_colors_info=\u00bb{}\u00bb]<\/p>\n<h1>PROTOCOLOS COVID<\/h1>\n<p>[\/et_pb_text][\/et_pb_column][\/et_pb_row][\/et_pb_section][et_pb_section fb_built=\u00bb1&#8243; _builder_version=\u00bb4.7.4&#8243; _module_preset=\u00bbdefault\u00bb global_colors_info=\u00bb{}\u00bb][et_pb_row _builder_version=\u00bb4.7.4&#8243; _module_preset=\u00bbdefault\u00bb global_colors_info=\u00bb{}\u00bb][et_pb_column type=\u00bb4_4&#8243; _builder_version=\u00bb4.7.4&#8243; _module_preset=\u00bbdefault\u00bb global_colors_info=\u00bb{}\u00bb][et_pb_text _builder_version=\u00bb4.13.1&#8243; _module_preset=\u00bbdefault\u00bb text_font=\u00bb|700|||||||\u00bb hover_enabled=\u00bb0&#8243; global_colors_info=\u00bb{}\u00bb sticky_enabled=\u00bb0&#8243;]<\/p>\n<hr \/>\n<h1>Documentos<\/h1>\n<hr \/>\n<p><strong><a target=\"_new\" href=\"http:\/\/ihch.cl\/wp-content\/uploads\/2021\/11\/PROCEDIMIENTO-ANTE-LOS-DISTINTOS-CASOS-DE-COVID-19-NOV-2021.pdf\" rel=\"attachment wp-att-1517 noopener\">1.- PROCEDIMIENTO ANTE LOS DISTINTOS CASOS DE COVID-19 NOV 2021 <span style=\"color: #ff0000;\">PDF<\/span><\/a><\/strong><br \/>\n<strong><a target=\"_new\" href=\"http:\/\/ihch.cl\/wp-content\/uploads\/2021\/04\/PROCESO-DE-LIMPIEZA-Y-DESINFECCION-DEL-ESTABLECIMIENTO.pdf\" rel=\"attachment wp-att-715 noopener\">2.- PROCESO DE LIMPIEZA Y DESINFECCI\u00d3N DEL ESTABLECIMIENTO <span style=\"color: #ff0000;\">PDF<\/span><\/a><\/strong><br \/>\n<strong><a target=\"_new\" href=\"http:\/\/ihch.cl\/wp-content\/uploads\/2021\/04\/RUTINA-PARA-EL-USO-DE-BANOS.pdf\" rel=\"attachment wp-att-716 noopener\">3.- RUTINA PARA EL USO DE BA\u00d1OS <span style=\"color: #ff0000;\">PDF<\/span><\/a><\/strong><br \/>\n<strong><a target=\"_new\" href=\"http:\/\/ihch.cl\/wp-content\/uploads\/2021\/04\/RUTINA-PARA-INGRESO-Y-SALIDA-DE-CLASES.pdf\" rel=\"attachment wp-att-717 noopener\">4.- RUTINA PARA INGRESO Y SALIDA DE CLASES <span style=\"color: #ff0000;\">PDF<\/span><\/a><\/strong><br \/>\n<strong><a target=\"_new\" href=\"http:\/\/ihch.cl\/wp-content\/uploads\/2021\/04\/RUTINA-PARA-LA-ALIMENTACION-EN-EL-ESTABLECIMIENTO.pdf\" rel=\"attachment wp-att-718 noopener\">5.- RUTINA PARA LA ALIMENTACI\u00d3N EN EL ESTABLECIMIENTO <span style=\"color: #ff0000;\">PDF<\/span><\/a><\/strong><br \/>\n<strong><a target=\"_new\" href=\"http:\/\/ihch.cl\/wp-content\/uploads\/2021\/04\/RUTINA-PARA-LOS-RECREOS.pdf\" rel=\"attachment wp-att-719 noopener\">6.- RUTINA PARA LOS RECREOS <span style=\"color: #ff0000;\">PDF<\/span><\/a><\/strong><br \/>\n<strong><a target=\"_new\" href=\"http:\/\/ihch.cl\/wp-content\/uploads\/2021\/04\/RUTINA-Y-PROGRAMA-DE-HIGIENE-Y-PREVENCION-EN-LAS-SALAS-DE-CLASES.pdf\" rel=\"attachment wp-att-720 noopener\">7.- RUTINA Y PROGRAMA DE HIGIENE Y PREVENCI\u00d3N EN LAS SALAS DE CLASES <span style=\"color: #ff0000;\">PDF<\/span><\/a><\/strong><\/p>\n<hr \/>\n<p>[\/et_pb_text][\/et_pb_column][\/et_pb_row][\/et_pb_section]<\/p>\n","protected":false},"excerpt":{"rendered":"<p>PROTOCOLOS COVID Documentos 1.- PROCEDIMIENTO ANTE LOS DISTINTOS CASOS DE COVID-19 NOV 2021 PDF 2.- PROCESO DE LIMPIEZA Y DESINFECCI\u00d3N DEL ESTABLECIMIENTO PDF 3.- RUTINA PARA EL USO DE BA\u00d1OS PDF 4.- RUTINA PARA INGRESO Y SALIDA DE CLASES PDF 5.- RUTINA PARA LA ALIMENTACI\u00d3N EN EL ESTABLECIMIENTO PDF 6.- RUTINA PARA LOS RECREOS PDF [&hellip;]<\/p>\n","protected":false},"author":2,"featured_media":0,"parent":0,"menu_order":0,"comment_status":"closed","ping_status":"closed","template":"","meta":{"_et_pb_use_builder":"on","_et_pb_old_content":"<!-- wp:divi\/placeholder \/-->","_et_gb_content_width":"","footnotes":""},"class_list":["post-633","page","type-page","status-publish","hentry"],"_links":{"self":[{"href":"https:\/\/ihch.cl\/index.php\/wp-json\/wp\/v2\/pages\/633","targetHints":{"allow":["GET"]}}],"collection":[{"href":"https:\/\/ihch.cl\/index.php\/wp-json\/wp\/v2\/pages"}],"about":[{"href":"https:\/\/ihch.cl\/index.php\/wp-json\/wp\/v2\/types\/page"}],"author":[{"embeddable":true,"href":"https:\/\/ihch.cl\/index.php\/wp-json\/wp\/v2\/users\/2"}],"replies":[{"embeddable":true,"href":"https:\/\/ihch.cl\/index.php\/wp-json\/wp\/v2\/comments?post=633"}],"version-history":[{"count":7,"href":"https:\/\/ihch.cl\/index.php\/wp-json\/wp\/v2\/pages\/633\/revisions"}],"predecessor-version":[{"id":1518,"href":"https:\/\/ihch.cl\/index.php\/wp-json\/wp\/v2\/pages\/633\/revisions\/1518"}],"wp:attachment":[{"href":"https:\/\/ihch.cl\/index.php\/wp-json\/wp\/v2\/media?parent=633"}],"curies":[{"name":"wp","href":"https:\/\/api.w.org\/{rel}","templated":true}]}}