{"id":52,"date":"2020-12-02T07:04:56","date_gmt":"2020-12-02T11:04:56","guid":{"rendered":"http:\/\/ihch.cl\/?page_id=52"},"modified":"2025-10-17T10:57:04","modified_gmt":"2025-10-17T14:57:04","slug":"historia","status":"publish","type":"page","link":"https:\/\/ihch.cl\/index.php\/historia\/","title":{"rendered":"Historia"},"content":{"rendered":"[et_pb_section fb_built=\u00bb1&#8243; admin_label=\u00bbsection\u00bb _builder_version=\u00bb4.16&#8243; background_color=\u00bb#0c71c3&#8243; global_colors_info=\u00bb{}\u00bb][et_pb_row _builder_version=\u00bb4.16&#8243; _module_preset=\u00bbdefault\u00bb global_colors_info=\u00bb{}\u00bb][et_pb_column type=\u00bb4_4&#8243; _builder_version=\u00bb4.16&#8243; _module_preset=\u00bbdefault\u00bb global_colors_info=\u00bb{}\u00bb][et_pb_text _builder_version=\u00bb4.16&#8243; _module_preset=\u00bbdefault\u00bb header_font=\u00bb|700|||||||\u00bb header_text_align=\u00bbcenter\u00bb header_text_color=\u00bb#ffffff\u00bb header_font_size=\u00bb60px\u00bb global_colors_info=\u00bb{}\u00bb]<h1>HISTORIA<\/h1>[\/et_pb_text][\/et_pb_column][\/et_pb_row][\/et_pb_section][et_pb_section fb_built=\u00bb1&#8243; admin_label=\u00bbsection\u00bb _builder_version=\u00bb4.16&#8243; global_colors_info=\u00bb{}\u00bb][et_pb_row admin_label=\u00bbrow\u00bb _builder_version=\u00bb4.16&#8243; background_size=\u00bbinitial\u00bb background_position=\u00bbtop_left\u00bb background_repeat=\u00bbrepeat\u00bb global_colors_info=\u00bb{}\u00bb][et_pb_column type=\u00bb4_4&#8243; _builder_version=\u00bb4.16&#8243; custom_padding=\u00bb|||\u00bb global_colors_info=\u00bb{}\u00bb custom_padding__hover=\u00bb|||\u00bb][et_pb_text admin_label=\u00bbText\u00bb _builder_version=\u00bb4.27.4&#8243; background_size=\u00bbinitial\u00bb background_position=\u00bbtop_left\u00bb background_repeat=\u00bbrepeat\u00bb hover_enabled=\u00bb0&#8243; global_colors_info=\u00bb{}\u00bb sticky_enabled=\u00bb0&#8243;]<p><\/p>\n<figure class=\"wp-block-image size-large\"><img decoding=\"async\" src=\"http:\/\/ihch.cl\/wp-content\/uploads\/2020\/12\/Instituto-Chiguayante.jpg\" alt=\"\" class=\"wp-image-215\" \/><\/figure>\n<p><\/p>\n<p>La historia nos remonta, aproximadamente a los inicios de los a\u00f1os 60 cuando integrantes del entonces Movimiento Obrero Cat\u00f3lico, gestionaron la compra de esta propiedad, bajo el alero del Arzobispado de la Sant\u00edsima Concepci\u00f3n, con la finalidad de contar con un espacio destinado a desarrollar jornadas de estudios, retiros, encuentros de formaci\u00f3n y reflexi\u00f3n entre otras actividades.<\/p>\n<p><\/p>\n<p>Ya bajo la administraci\u00f3n de la Vicar\u00eda de Pastoral Obrera, en el a\u00f1o 1986 se crean las denominadas Escuelas de Tecnolog\u00edas Populares (ETP), instancia orientada a ofrecer un servicio con el objetivo de contribuir a mejorar la calidad de vida de los sectores m\u00e1s vulnerables. Para ello se implementan l\u00edneas de trabajo en el \u00e1rea de desarrollo local, capacitaci\u00f3n t\u00e9cnico laboral y tecnolog\u00edas populares.<\/p>\n<p><\/p>\n<p>Es as\u00ed como este centro se constituy\u00f3, por muchos a\u00f1os, en un referente en el \u00e1mbito de la formaci\u00f3n y capacitaci\u00f3n de la zona. Miles de trabajadores, estudiantes y due\u00f1as de casa desarrollaron cursos de las m\u00e1s variadas tem\u00e1ticas: reposter\u00eda, construcci\u00f3n de hornos de barro, formulaci\u00f3n de proyectos, entre otros.<\/p>\n<p><\/p>\n<p>Con el correr del tiempo y con el af\u00e1n de ampliar estos servicios y al mismo tiempo adecuarse a las necesidades de una sociedad m\u00e1s exigente en este plano, nace la Fundaci\u00f3n San Jos\u00e9 Obrero, instituci\u00f3n bajo la cual se gesta un profundo y anhelado sue\u00f1o del Padre Carlos Puentes Figueroa (QEPD), cu\u00e1l es crear un centro de educaci\u00f3n formal, dirigido a trabajadores y trabajadoras de la zona. Es as\u00ed entonces que, a contar del a\u00f1o 2005, comienzan a egresar las primeras promociones de estudiantes adultos de este centro educativo.<\/p>\n<p><\/p>\n<p>El desarrollo de este caminar Pastoral y Educativo cumple una nueva etapa el d\u00eda 4 de septiembre de 2008, cuando el Instituto de Humanidades \u201cMonse\u00f1or Jos\u00e9 Manuel Santos Ascarza\u201d, con dependencia administrativa de la Fundaci\u00f3n Educacional La Asunci\u00f3n, obtiene el reconocimiento del Ministerio de Educaci\u00f3n. Comenz\u00f3 su funcionamiento con un pre kinder que contaba con 8 alumnos y alumnas.<\/p>\n<p><\/p>\n<p>El 8 de enero de 2011 se efectu\u00f3 la ceremonia de colocaci\u00f3n de la primera piedra del actual edificio, haciendo realidad uno de los principales anhelos de la naciente comunidad educativa y dando cada vez m\u00e1s forma al compromiso de la Iglesia de Concepci\u00f3n con los ni\u00f1os y ni\u00f1as de la comuna de Chiguayante. La primera etapa del actual edificio se bendijo e inaugur\u00f3 el 15 de marzo de 2012, con la presencia de toda la comunidad educativa y destacadas autoridades locales y regionales.<\/p>\n<p><\/p>\n<p>El 29 de septiembre del a\u00f1o 2017, la comunidad educativa celebr\u00f3 10 a\u00f1os y la bendici\u00f3n de la segunda etapa del edificio, quedando s\u00f3lo por concretarse la tercera y \u00faltima parte del Instituto, con miras a ver egresada su primera generaci\u00f3n de alumnos el a\u00f1o 2021.\u00a0<\/p>\n<p><\/p>[\/et_pb_text][\/et_pb_column][\/et_pb_row][\/et_pb_section]","protected":false},"excerpt":{"rendered":"<p>HISTORIA La historia nos remonta, aproximadamente a los inicios de los a\u00f1os 60 cuando integrantes del entonces Movimiento Obrero Cat\u00f3lico, gestionaron la compra de esta propiedad, bajo el alero del Arzobispado de la Sant\u00edsima Concepci\u00f3n, con la finalidad de contar con un espacio destinado a desarrollar jornadas de estudios, retiros, encuentros de formaci\u00f3n y reflexi\u00f3n [&hellip;]<\/p>\n","protected":false},"author":2,"featured_media":0,"parent":0,"menu_order":0,"comment_status":"closed","ping_status":"closed","template":"","meta":{"_et_pb_use_builder":"on","_et_pb_old_content":"<!-- wp:image {\"id\":215,\"sizeSlug\":\"large\"} -->\n<figure class=\"wp-block-image size-large\"><img src=\"http:\/\/ihch.cl\/wp-content\/uploads\/2020\/12\/Instituto-Chiguayante.jpg\" alt=\"\" class=\"wp-image-215\"\/><\/figure>\n<!-- \/wp:image -->\n\n<!-- wp:paragraph -->\n<p>La historia nos remonta, aproximadamente a los inicios de los a\u00f1os 60 cuando integrantes del entonces Movimiento Obrero Cat\u00f3lico, gestionaron la compra de esta propiedad, bajo el alero del Arzobispado de la Sant\u00edsima Concepci\u00f3n, con la finalidad de contar con un espacio destinado a desarrollar jornadas de estudios, retiros, encuentros de formaci\u00f3n y reflexi\u00f3n entre otras actividades.<\/p>\n<!-- \/wp:paragraph -->\n\n<!-- wp:paragraph -->\n<p>Ya bajo la administraci\u00f3n de la Vicar\u00eda de Pastoral Obrera, en el a\u00f1o 1986 se crean las denominadas Escuelas de Tecnolog\u00edas Populares (ETP), instancia orientada a ofrecer un servicio con el objetivo de contribuir a mejorar la calidad de vida de los sectores m\u00e1s vulnerables. Para ello se implementan l\u00edneas de trabajo en el \u00e1rea de desarrollo local, capacitaci\u00f3n t\u00e9cnico laboral y tecnolog\u00edas populares.<\/p>\n<!-- \/wp:paragraph -->\n\n<!-- wp:paragraph -->\n<p>Es as\u00ed como este centro se constituy\u00f3, por muchos a\u00f1os, en un referente en el \u00e1mbito de la formaci\u00f3n y capacitaci\u00f3n de la zona. Miles de trabajadores, estudiantes y due\u00f1as de casa desarrollaron cursos de las m\u00e1s variadas tem\u00e1ticas: reposter\u00eda, construcci\u00f3n de hornos de barro, formulaci\u00f3n de proyectos, entre otros.<\/p>\n<!-- \/wp:paragraph -->\n\n<!-- wp:paragraph -->\n<p>Con el correr del tiempo y con el af\u00e1n de ampliar estos servicios y al mismo tiempo adecuarse a las necesidades de una sociedad m\u00e1s exigente en este plano, nace la Fundaci\u00f3n San Jos\u00e9 Obrero, instituci\u00f3n bajo la cual se gesta un profundo y anhelado sue\u00f1o del Padre Carlos Puentes Figueroa (QEPD), cu\u00e1l es crear un centro de educaci\u00f3n formal, dirigido a trabajadores y trabajadoras de la zona. Es as\u00ed entonces que, a contar del a\u00f1o 2005, comienzan a egresar las primeras promociones de estudiantes adultos de este centro educativo.<\/p>\n<!-- \/wp:paragraph -->\n\n<!-- wp:paragraph -->\n<p>El desarrollo de este caminar Pastoral y Educativo cumple una nueva etapa el d\u00eda 4 de septiembre de 2008, cuando el Instituto de Humanidades \u201cMonse\u00f1or Jos\u00e9 Manuel Santos Ascarza\u201d, con dependencia administrativa de la Fundaci\u00f3n Educacional La Asunci\u00f3n, obtiene el reconocimiento del Ministerio de Educaci\u00f3n. Comenz\u00f3 su funcionamiento con un pre kinder que contaba con 8 alumnos y alumnas.<\/p>\n<!-- \/wp:paragraph -->\n\n<!-- wp:paragraph -->\n<p>El 8 de enero de 2011 se efectu\u00f3 la ceremonia de colocaci\u00f3n de la primera piedra del actual edificio, haciendo realidad uno de los principales anhelos de la naciente comunidad educativa y dando cada vez m\u00e1s forma al compromiso de la Iglesia de Concepci\u00f3n con los ni\u00f1os y ni\u00f1as de la comuna de Chiguayante. La primera etapa del actual edificio se bendijo e inaugur\u00f3 el 15 de marzo de 2012, con la presencia de toda la comunidad educativa y destacadas autoridades locales y regionales.<\/p>\n<!-- \/wp:paragraph -->\n\n<!-- wp:paragraph -->\n<p>El 29 de septiembre del a\u00f1o 2017, la comunidad educativa celebr\u00f3 10 a\u00f1os y la bendici\u00f3n de la segunda etapa del edificio, quedando s\u00f3lo por concretarse la tercera y \u00faltima parte del Instituto, con miras a ver egresada su primera generaci\u00f3n de alumnos el a\u00f1o 2021. A partir de 2018, el Instituto de Humanidades Jos\u00e9 Manuel Santos de Chiguayante contar\u00e1 con una matr\u00edcula cercana a los 850 alumnos, desde prekinder hasta primer a\u00f1o de ense\u00f1anza media.<\/p>\n<!-- \/wp:paragraph -->","_et_gb_content_width":"","footnotes":""},"class_list":["post-52","page","type-page","status-publish","hentry"],"_links":{"self":[{"href":"https:\/\/ihch.cl\/index.php\/wp-json\/wp\/v2\/pages\/52","targetHints":{"allow":["GET"]}}],"collection":[{"href":"https:\/\/ihch.cl\/index.php\/wp-json\/wp\/v2\/pages"}],"about":[{"href":"https:\/\/ihch.cl\/index.php\/wp-json\/wp\/v2\/types\/page"}],"author":[{"embeddable":true,"href":"https:\/\/ihch.cl\/index.php\/wp-json\/wp\/v2\/users\/2"}],"replies":[{"embeddable":true,"href":"https:\/\/ihch.cl\/index.php\/wp-json\/wp\/v2\/comments?post=52"}],"version-history":[{"count":5,"href":"https:\/\/ihch.cl\/index.php\/wp-json\/wp\/v2\/pages\/52\/revisions"}],"predecessor-version":[{"id":5747,"href":"https:\/\/ihch.cl\/index.php\/wp-json\/wp\/v2\/pages\/52\/revisions\/5747"}],"wp:attachment":[{"href":"https:\/\/ihch.cl\/index.php\/wp-json\/wp\/v2\/media?parent=52"}],"curies":[{"name":"wp","href":"https:\/\/api.w.org\/{rel}","templated":true}]}}