{"id":50,"date":"2020-12-02T07:04:44","date_gmt":"2020-12-02T11:04:44","guid":{"rendered":"http:\/\/ihch.cl\/?page_id=50"},"modified":"2026-03-04T14:41:01","modified_gmt":"2026-03-04T18:41:01","slug":"rectoria","status":"publish","type":"page","link":"https:\/\/ihch.cl\/index.php\/rectoria\/","title":{"rendered":"Rector\u00eda"},"content":{"rendered":"<p>[et_pb_section fb_built=\u00bb1&#8243; admin_label=\u00bbsection\u00bb _builder_version=\u00bb4.16&#8243; background_color=\u00bb#0c71c3&#8243; global_colors_info=\u00bb{}\u00bb][et_pb_row _builder_version=\u00bb4.16&#8243; _module_preset=\u00bbdefault\u00bb global_colors_info=\u00bb{}\u00bb][et_pb_column type=\u00bb4_4&#8243; _builder_version=\u00bb4.16&#8243; _module_preset=\u00bbdefault\u00bb global_colors_info=\u00bb{}\u00bb][et_pb_text _builder_version=\u00bb4.16&#8243; _module_preset=\u00bbdefault\u00bb header_font=\u00bb|700|||||||\u00bb header_text_align=\u00bbcenter\u00bb header_text_color=\u00bb#ffffff\u00bb header_font_size=\u00bb60px\u00bb global_colors_info=\u00bb{}\u00bb]<\/p>\n<h1>RECTOR\u00cdA<\/h1>\n<p>[\/et_pb_text][\/et_pb_column][\/et_pb_row][\/et_pb_section][et_pb_section fb_built=\u00bb1&#8243; admin_label=\u00bbsection\u00bb _builder_version=\u00bb4.16&#8243; global_colors_info=\u00bb{}\u00bb][et_pb_row column_structure=\u00bb1_2,1_2&#8243; _builder_version=\u00bb4.16&#8243; _module_preset=\u00bbdefault\u00bb custom_padding=\u00bb41px|||||\u00bb global_colors_info=\u00bb{}\u00bb][et_pb_column type=\u00bb1_2&#8243; _builder_version=\u00bb4.16&#8243; _module_preset=\u00bbdefault\u00bb global_colors_info=\u00bb{}\u00bb][et_pb_image src=\u00bbhttps:\/\/ihch.cl\/wp-content\/uploads\/2025\/03\/Rectores.png\u00bb title_text=\u00bbRectores\u00bb _builder_version=\u00bb4.27.4&#8243; _module_preset=\u00bbdefault\u00bb global_colors_info=\u00bb{}\u00bb][\/et_pb_image][\/et_pb_column][et_pb_column type=\u00bb1_2&#8243; _builder_version=\u00bb4.16&#8243; _module_preset=\u00bbdefault\u00bb global_colors_info=\u00bb{}\u00bb][et_pb_text _builder_version=\u00bb4.27.4&#8243; _module_preset=\u00bbdefault\u00bb global_colors_info=\u00bb{}\u00bb]<\/p>\n<p><span style=\"font-size: xx-large;\"><strong><\/strong><\/span><\/p>\n<p><span style=\"font-size: xx-large;\"><strong><\/strong><\/span><\/p>\n<p><span style=\"font-size: xx-large;\"><strong><\/strong><\/span><\/p>\n<p><span style=\"font-size: xx-large;\"><strong><\/strong><\/span><\/p>\n<p><span style=\"font-size: xx-large;\"><strong><\/strong><\/span><\/p>\n<p><span style=\"font-size: xx-large;\"><strong><\/strong><\/span><\/p>\n<p><span style=\"font-size: xx-large;\"><strong><\/strong><\/span><\/p>\n<p><span style=\"font-size: xx-large;\"><strong><\/strong><\/span><\/p>\n<p><span style=\"font-size: xx-large;\"><strong><\/strong><\/span><\/p>\n<p><span style=\"font-size: xx-large;\"><strong>Saludo inicio de a\u00f1o 2026<br \/><\/strong>Karen Zambrano Moraga<\/span><br \/><span style=\"font-size: xx-large;\"><strong>Rectora IHCH<\/strong><\/span><\/p>\n<p>[\/et_pb_text][\/et_pb_column][\/et_pb_row][et_pb_row _builder_version=\u00bb4.24.2&#8243; _module_preset=\u00bbdefault\u00bb global_colors_info=\u00bb{}\u00bb][et_pb_column type=\u00bb4_4&#8243; _builder_version=\u00bb4.24.2&#8243; _module_preset=\u00bbdefault\u00bb global_colors_info=\u00bb{}\u00bb][et_pb_text _builder_version=\u00bb4.24.2&#8243; _module_preset=\u00bbdefault\u00bb global_colors_info=\u00bb{}\u00bb]<\/p>\n<p data-start=\"0\" data-end=\"95\"><em>Queridos estudiantes y familias de nuestro Instituto de Humanidades Jos\u00e9 Manuel Santos Ascarza:<\/em><\/p>\n<p data-start=\"97\" data-end=\"261\">Les damos la bienvenida al a\u00f1o escolar 2026. Iniciar un nuevo a\u00f1o es una hermosa oportunidad para reencontrarnos, aprender juntos y seguir creciendo como comunidad.<\/p>\n<p data-start=\"263\" data-end=\"587\">En nuestro colegio queremos acompa\u00f1ar a cada estudiante en su desarrollo integral, inspirados en educar con excelencia, evangelizar en colaboraci\u00f3n con las familias y servir para transformar nuestra sociedad. Creemos firmemente que, caminando juntos, podemos formar personas comprometidas con los dem\u00e1s y con un mundo mejor.<\/p>\n<p data-start=\"589\" data-end=\"673\">Les deseamos un a\u00f1o lleno de aprendizaje, amistad, esperanza y nuevas oportunidades.<\/p>\n<p data-start=\"675\" data-end=\"724\" data-is-last-node=\"\" data-is-only-node=\"\"><em>Con cari\u00f1o,<\/em><br data-start=\"700\" data-end=\"703\" \/><strong>Karen Zambrano Moraga<\/strong><br \/><strong>Rectora<\/strong><\/p>\n<p>[\/et_pb_text][et_pb_text _builder_version=\u00bb4.24.2&#8243; _module_preset=\u00bbdefault\u00bb global_colors_info=\u00bb{}\u00bb]<\/p>\n<p><img loading=\"lazy\" decoding=\"async\" src=\"https:\/\/ihch.cl\/wp-content\/uploads\/2024\/03\/Firma-y-Timbre-Karen-Zambrano.jpg\" width=\"159\" height=\"159\" alt=\"\" class=\"wp-image-5179 alignnone size-thumbnail\" style=\"display: block; margin-left: auto; margin-right: auto;\" \/><\/p>\n<p style=\"text-align: center;\"><strong>Karen Zambrano Moraga<\/strong><\/p>\n<p>[\/et_pb_text][\/et_pb_column][\/et_pb_row][\/et_pb_section]<\/p>\n","protected":false},"excerpt":{"rendered":"<p>RECTOR\u00cdA Saludo inicio de a\u00f1o 2026Karen Zambrano MoragaRectora IHCHQueridos estudiantes y familias de nuestro Instituto de Humanidades Jos\u00e9 Manuel Santos Ascarza: Les damos la bienvenida al a\u00f1o escolar 2026. Iniciar un nuevo a\u00f1o es una hermosa oportunidad para reencontrarnos, aprender juntos y seguir creciendo como comunidad. En nuestro colegio queremos acompa\u00f1ar a cada estudiante en [&hellip;]<\/p>\n","protected":false},"author":2,"featured_media":0,"parent":0,"menu_order":0,"comment_status":"closed","ping_status":"closed","template":"","meta":{"_et_pb_use_builder":"on","_et_pb_old_content":"<!-- wp:image {\"id\":203,\"sizeSlug\":\"large\"} -->\n<figure class=\"wp-block-image size-large\"><img src=\"http:\/\/ihch.cl\/wp-content\/uploads\/2020\/12\/Monica-Pereira-Thiele.jpg\" alt=\"\" class=\"wp-image-203\"\/><\/figure>\n<!-- \/wp:image -->\n\n<!-- wp:paragraph -->\n<p>Estimados alumnos y alumnas:<\/p>\n<!-- \/wp:paragraph -->\n\n<!-- wp:paragraph -->\n<p>A trav\u00e9s de esta agenda les doy la m\u00e1s cordial y afectuosa bienvenida a este a\u00f1o escolar 2019. Los recibimos con mucha alegr\u00eda y con el compromiso de ofrecerles lo mejor de nuestras competencias para acompa\u00f1arlos en vuestra formaci\u00f3n integral.<\/p>\n<!-- \/wp:paragraph -->\n\n<!-- wp:paragraph -->\n<p>Este a\u00f1o viene cargado de desaf\u00edos que surgen de nuestro Proyecto Educativo Pastoral. Es as\u00ed que, por un lado, debemos mejorar nuestros niveles de aprendizaje y consolidar la formaci\u00f3n integral basada en valores compartidos y en comuni\u00f3n con Dios y con los dem\u00e1s. Por otro lado, tenemos la obligaci\u00f3n de seguir construyendo una infraestructura que asegure la continuidad de los procesos pedag\u00f3gicos de nuestros estudiantes, lo que implica ciertas incomodidades y sacrificios, pero que, sin duda, nos va a entregar un colegio que nos acoja con la mayor comodidad y funcionalidad.<\/p>\n<!-- \/wp:paragraph -->\n\n<!-- wp:paragraph -->\n<p>Para el logro de estos desaf\u00edos es necesario el compromiso de todos nosotros como comunidad educativa: a ustedes, queridos estudiantes, les invito a descubrir y a aprovechar al m\u00e1ximo el gran potencial que hay dentro de ustedes; los desafiamos a ser buenos estudiantes, disciplinados y constantes en sus deberes diarios. A los padres y apoderados, los invito a motivar el aprendizaje de vuestros hijos y a supervisar el trabajo escolar, puesto que el aporte de ustedes ser\u00e1 trascendente en la vida de sus hijos.<\/p>\n<!-- \/wp:paragraph -->\n\n<!-- wp:paragraph -->\n<p>Le pido a Dios que su sabidur\u00eda ilumine nuestro camino y nos conceda que el trabajo de este a\u00f1o sea muy fruct\u00edfero para todos.<\/p>\n<!-- \/wp:paragraph -->\n\n<!-- wp:paragraph -->\n<p><strong>M\u00f3nica Pereira Thiele<\/strong><\/p>\n<!-- \/wp:paragraph -->\n\n<!-- wp:paragraph -->\n<p>Rectora<\/p>\n<!-- \/wp:paragraph -->\n\n<!-- wp:paragraph -->\n<p><\/p>\n<!-- \/wp:paragraph -->","_et_gb_content_width":"","footnotes":""},"class_list":["post-50","page","type-page","status-publish","hentry"],"_links":{"self":[{"href":"https:\/\/ihch.cl\/index.php\/wp-json\/wp\/v2\/pages\/50","targetHints":{"allow":["GET"]}}],"collection":[{"href":"https:\/\/ihch.cl\/index.php\/wp-json\/wp\/v2\/pages"}],"about":[{"href":"https:\/\/ihch.cl\/index.php\/wp-json\/wp\/v2\/types\/page"}],"author":[{"embeddable":true,"href":"https:\/\/ihch.cl\/index.php\/wp-json\/wp\/v2\/users\/2"}],"replies":[{"embeddable":true,"href":"https:\/\/ihch.cl\/index.php\/wp-json\/wp\/v2\/comments?post=50"}],"version-history":[{"count":13,"href":"https:\/\/ihch.cl\/index.php\/wp-json\/wp\/v2\/pages\/50\/revisions"}],"predecessor-version":[{"id":6109,"href":"https:\/\/ihch.cl\/index.php\/wp-json\/wp\/v2\/pages\/50\/revisions\/6109"}],"wp:attachment":[{"href":"https:\/\/ihch.cl\/index.php\/wp-json\/wp\/v2\/media?parent=50"}],"curies":[{"name":"wp","href":"https:\/\/api.w.org\/{rel}","templated":true}]}}